{"id":3050,"date":"2021-08-30T10:31:53","date_gmt":"2021-08-30T10:31:53","guid":{"rendered":"https:\/\/clouding360.com\/advantages\/"},"modified":"2021-10-14T19:12:34","modified_gmt":"2021-10-14T19:12:34","slug":"advantages","status":"publish","type":"page","link":"https:\/\/clouding360.com\/en\/advantages\/","title":{"rendered":"Advantages"},"content":{"rendered":"<p>[et_pb_section fb_built=&#8221;1&#8243; _builder_version=&#8221;4.8.2&#8243; _module_preset=&#8221;default&#8221; custom_padding=&#8221;50px||50px|||&#8221; global_colors_info=&#8221;{}&#8221;][et_pb_row module_class=&#8221;ventajas-1&#8243; _builder_version=&#8221;4.8.2&#8243; _module_preset=&#8221;default&#8221; max_width=&#8221;1273px&#8221; module_alignment=&#8221;center&#8221; custom_margin=&#8221;-6px|auto||auto||&#8221; global_colors_info=&#8221;{}&#8221;][et_pb_column type=&#8221;4_4&#8243; _builder_version=&#8221;4.8.2&#8243; _module_preset=&#8221;default&#8221; global_colors_info=&#8221;{}&#8221;][et_pb_code _builder_version=&#8221;4.8.2&#8243; _module_preset=&#8221;default&#8221; global_colors_info=&#8221;{}&#8221;]<\/p>\n<div class=\"preocupaci\u00f3n\"><!-- [et_pb_line_break_holder] --><\/p>\n<h2>Ram\u00f3n cares about his company<!\u2013- [et_pb_br_holder] -\u2013><!-- [et_pb_line_break_holder] --><span>And moved to clouding<!-- [et_pb_line_break_holder] --><\/span><\/h2>\n<p><!-- [et_pb_line_break_holder] --><pee>Tired of feeling abandoned by big companies and taking days to resolve any issue, Ram\u00f3n switched to Clouding360. Now&#8230;<\/a><!-- [et_pb_line_break_holder] --><\/div>\n<p>[\/et_pb_code][\/et_pb_column][\/et_pb_row][\/et_pb_section][et_pb_section fb_built=&#8221;1&#8243; module_class=&#8221;ventajas-2&#8243; _builder_version=&#8221;4.8.2&#8243; _module_preset=&#8221;default&#8221; custom_padding=&#8221;1px||3px|||&#8221; global_colors_info=&#8221;{}&#8221;][et_pb_row column_structure=&#8221;1_2,1_2&#8243; make_equal=&#8221;on&#8221; _builder_version=&#8221;4.8.2&#8243; _module_preset=&#8221;default&#8221; max_width=&#8221;1260px&#8221; global_colors_info=&#8221;{}&#8221;][et_pb_column type=&#8221;1_2&#8243; _builder_version=&#8221;4.8.2&#8243; _module_preset=&#8221;default&#8221; global_colors_info=&#8221;{}&#8221;][et_pb_code _builder_version=&#8221;4.8.2&#8243; _module_preset=&#8221;default&#8221; global_colors_info=&#8221;{}&#8221;]<\/p>\n<div class=\"entrada ventajas\"><!-- [et_pb_line_break_holder] --><\/p>\n<h2>His company,<!-- [et_pb_line_break_holder] --><!\u2013- [et_pb_br_holder] -\u2013>wherever he wants, <!\u2013- [et_pb_br_holder] -\u2013><span>with just one click<\/span> <\/h2>\n<p><!-- [et_pb_line_break_holder] --><pHis office goes with him wherever he goes - without having to rely on a physical computer or hard drive to store software.<!-- [et_pb_line_break_holder] --><!\u2013- [et_pb_br_holder] -\u2013><!-- [et_pb_line_break_holder] -->  Clouding360 allows him to have access to all his data from anywhere and through any device.<!-- [et_pb_line_break_holder] --><\/pee><!-- [et_pb_line_break_holder] --><\/div>\n<p>[\/et_pb_code][\/et_pb_column][et_pb_column type=&#8221;1_2&#8243; _builder_version=&#8221;4.8.2&#8243; _module_preset=&#8221;default&#8221; global_colors_info=&#8221;{}&#8221;][et_pb_image src=&#8221;https:\/\/clouding360.com\/wp-content\/uploads\/2021\/03\/Cloud2-01-2.png&#8221; title_text=&#8221;Cloud2-01&#8243; _builder_version=&#8221;4.8.2&#8243; _module_preset=&#8221;default&#8221; global_colors_info=&#8221;{}&#8221;][\/et_pb_image][\/et_pb_column][\/et_pb_row][et_pb_row column_structure=&#8221;1_2,1_2&#8243; make_equal=&#8221;on&#8221; _builder_version=&#8221;4.8.2&#8243; _module_preset=&#8221;default&#8221; max_width=&#8221;1260px&#8221; global_colors_info=&#8221;{}&#8221;][et_pb_column type=&#8221;1_2&#8243; _builder_version=&#8221;4.8.2&#8243; _module_preset=&#8221;default&#8221; global_colors_info=&#8221;{}&#8221;][et_pb_image src=&#8221;https:\/\/clouding360.com\/wp-content\/uploads\/2021\/03\/Cloud2-02-2.png&#8221; title_text=&#8221;Cloud2-02&#8243; align=&#8221;center&#8221; _builder_version=&#8221;4.8.2&#8243; _module_preset=&#8221;default&#8221; max_height=&#8221;600px&#8221; global_colors_info=&#8221;{}&#8221;][\/et_pb_image][\/et_pb_column][et_pb_column type=&#8221;1_2&#8243; _builder_version=&#8221;4.8.2&#8243; _module_preset=&#8221;default&#8221; global_colors_info=&#8221;{}&#8221;][et_pb_code _builder_version=&#8221;4.8.2&#8243; _module_preset=&#8221;default&#8221; global_colors_info=&#8221;{}&#8221;]<\/p>\n<div class=\"entrada ventajas\"><!-- [et_pb_line_break_holder] --><\/p>\n<h2><span>No unexpected issues<\/span> or wasted time<\/h2>\n<p><!-- [et_pb_line_break_holder] --><pee>\u00bfDo you know the best part of not having physical equipment? They can&#8217;t fail. The cloud will always be there for you and your employees.<!-- [et_pb_line_break_holder] --><!-- [et_pb_line_break_holder] -->  <!\u2013- [et_pb_br_holder] -\u2013>There is no longer an individual computer for each worker which can stop working: now, workers will have computing wherever they want.<!-- [et_pb_line_break_holder] --><\/pee><!-- [et_pb_line_break_holder] --><\/div>\n<p>[\/et_pb_code][\/et_pb_column][\/et_pb_row][et_pb_row column_structure=&#8221;1_2,1_2&#8243; make_equal=&#8221;on&#8221; _builder_version=&#8221;4.8.2&#8243; _module_preset=&#8221;default&#8221; max_width=&#8221;1260px&#8221; global_colors_info=&#8221;{}&#8221;][et_pb_column type=&#8221;1_2&#8243; _builder_version=&#8221;4.8.2&#8243; _module_preset=&#8221;default&#8221; global_colors_info=&#8221;{}&#8221;][et_pb_code _builder_version=&#8221;4.8.2&#8243; _module_preset=&#8221;default&#8221; global_colors_info=&#8221;{}&#8221;]<\/p>\n<div class=\"entrada ventajas\"><!-- [et_pb_line_break_holder] --><\/p>\n<h2><span>Sleep peacefully<\/span> every night<\/h2>\n<p><!-- [et_pb_line_break_holder] --><pee>You know that your company is protected from any type of virus or threat and that, if you need something, an expert team is available 24 hours per day.<!-- [et_pb_line_break_holder] --><!\u2013- [et_pb_br_holder] -\u2013><!-- [et_pb_line_break_holder] --><\/div>\n<p>[\/et_pb_code][\/et_pb_column][et_pb_column type=&#8221;1_2&#8243; _builder_version=&#8221;4.8.2&#8243; _module_preset=&#8221;default&#8221; global_colors_info=&#8221;{}&#8221;][et_pb_image src=&#8221;https:\/\/clouding360.com\/wp-content\/uploads\/2021\/03\/Cloud2-03-2.png&#8221; title_text=&#8221;Cloud2-03&#8243; align=&#8221;center&#8221; _builder_version=&#8221;4.8.2&#8243; _module_preset=&#8221;default&#8221; global_colors_info=&#8221;{}&#8221;][\/et_pb_image][\/et_pb_column][\/et_pb_row][\/et_pb_section][et_pb_section fb_built=&#8221;1&#8243; _builder_version=&#8221;4.8.2&#8243; _module_preset=&#8221;default&#8221; global_colors_info=&#8221;{}&#8221;][et_pb_row column_structure=&#8221;1_3,1_3,1_3&#8243; module_id=&#8221;ventaja-ahorro&#8221; module_class=&#8221;ahorros&#8221; _builder_version=&#8221;4.8.2&#8243; _module_preset=&#8221;default&#8221; max_width=&#8221;907px&#8221; global_colors_info=&#8221;{}&#8221;][et_pb_column type=&#8221;1_3&#8243; _builder_version=&#8221;4.8.2&#8243; _module_preset=&#8221;default&#8221; global_colors_info=&#8221;{}&#8221;][et_pb_code _builder_version=&#8221;4.8.2&#8243; _module_preset=&#8221;default&#8221; global_colors_info=&#8221;{}&#8221;]<\/p>\n<div class=\"advantages\"><!-- [et_pb_line_break_holder] --><img decoding=\"async\" src=\"https:\/\/clouding360.com\/wp-content\/uploads\/2021\/02\/dib3.png\"><!-- [et_pb_line_break_holder] --><\/p>\n<h3>Save money<\/h3>\n<p><!-- [et_pb_line_break_holder] --><pee>No over-dimensioned packages, no tools that you don&#8217;t need, no overcharges at the last minute. Everything is clear and transparent, adapted to your business. <\/pee><!-- [et_pb_line_break_holder] --><\/div>\n<p>[\/et_pb_code][\/et_pb_column][et_pb_column type=&#8221;1_3&#8243; _builder_version=&#8221;4.8.2&#8243; _module_preset=&#8221;default&#8221; global_colors_info=&#8221;{}&#8221;][et_pb_code _builder_version=&#8221;4.8.2&#8243; _module_preset=&#8221;default&#8221; global_colors_info=&#8221;{}&#8221;]<\/p>\n<div class=\"advantages\"><!-- [et_pb_line_break_holder] --><img decoding=\"async\" src=\"https:\/\/clouding360.com\/wp-content\/uploads\/2021\/02\/dib4.png\"><!-- [et_pb_line_break_holder] --><\/p>\n<h3>Make your<!-- [et_pb_line_break_holder] -->remote work easier!<\/h3>\n<p><!-- [et_pb_line_break_holder] --><pee>\u201cI left my notebook at the office\u201d doesn\u00b4t exist anymore. Now, you have your office updated at any time, from any device and at any place with an internet connection.<\/pee><!-- [et_pb_line_break_holder] --><\/div>\n<p>[\/et_pb_code][\/et_pb_column][et_pb_column type=&#8221;1_3&#8243; _builder_version=&#8221;4.8.2&#8243; _module_preset=&#8221;default&#8221; global_colors_info=&#8221;{}&#8221;][et_pb_code _builder_version=&#8221;4.8.2&#8243; _module_preset=&#8221;default&#8221; global_colors_info=&#8221;{}&#8221;]<\/p>\n<div class=\"advantages\"><!-- [et_pb_line_break_holder] --><img decoding=\"async\" src=\"https:\/\/clouding360.com\/wp-content\/uploads\/2021\/02\/dib5.png\"><!-- [et_pb_line_break_holder] --><\/p>\n<h3>Apps with one click.<\/h3>\n<p><!-- [et_pb_line_break_holder] --><pee>Forget about downloads, license policies or old stuff like that. We will install all the apps you need, and you can be 100% productive in your daily work.<\/pee><!-- [et_pb_line_break_holder] --><\/div>\n<p>[\/et_pb_code][\/et_pb_column][\/et_pb_row][\/et_pb_section][et_pb_section fb_built=&#8221;1&#8243; module_class=&#8221;ventajas-4&#8243; _builder_version=&#8221;4.8.2&#8243; _module_preset=&#8221;default&#8221; custom_padding=&#8221;4px|||||&#8221; global_colors_info=&#8221;{}&#8221;][et_pb_row _builder_version=&#8221;4.8.2&#8243; _module_preset=&#8221;default&#8221; custom_padding=&#8221;||0px|||&#8221; global_colors_info=&#8221;{}&#8221;][et_pb_column type=&#8221;4_4&#8243; _builder_version=&#8221;4.8.2&#8243; _module_preset=&#8221;default&#8221; global_colors_info=&#8221;{}&#8221;][et_pb_code _builder_version=&#8221;4.10.3&#8243; _module_preset=&#8221;default&#8221; text_orientation=&#8221;center&#8221; global_colors_info=&#8221;{}&#8221;]<\/p>\n<h3><!-- [et_pb_line_break_holder] --> They have tried already&#8230;<!-- [et_pb_line_break_holder] --><\/h3>\n<p>[\/et_pb_code][\/et_pb_column][\/et_pb_row][et_pb_row column_structure=&#8221;1_3,1_3,1_3&#8243; module_class=&#8221;ahorros&#8221; _builder_version=&#8221;4.8.2&#8243; _module_preset=&#8221;default&#8221; custom_padding=&#8221;2px|||||&#8221; global_colors_info=&#8221;{}&#8221;][et_pb_column type=&#8221;1_3&#8243; _builder_version=&#8221;4.8.2&#8243; _module_preset=&#8221;default&#8221; global_colors_info=&#8221;{}&#8221;][et_pb_code _builder_version=&#8221;4.9.4&#8243; _module_preset=&#8221;default&#8221; global_colors_info=&#8221;{}&#8221;]<\/p>\n<div class=\"advantages valoracions\"><!-- [et_pb_line_break_holder] --><img decoding=\"async\" src=\"https:\/\/clouding360.com\/wp-content\/uploads\/2021\/03\/5-stars-png-2.png\"><!-- [et_pb_line_break_holder] --><!-- [et_pb_line_break_holder] --><pee>Clouding is helping us to keep working with maximum computer performance during challenging times as the pandemic days. <\/pee><!-- [et_pb_line_break_holder] --><\/p>\n<h4>David Ruiz <\/h4>\n<p> <!-- [et_pb_line_break_holder] --><\/p>\n<h5><!-- [et_pb_line_break_holder] -->  Mail Boxes Etc.<!-- [et_pb_line_break_holder] -->  <\/h5>\n<\/div>\n<p>[\/et_pb_code][\/et_pb_column][et_pb_column type=&#8221;1_3&#8243; _builder_version=&#8221;4.8.2&#8243; _module_preset=&#8221;default&#8221; global_colors_info=&#8221;{}&#8221;][et_pb_code _builder_version=&#8221;4.10.3&#8243; _module_preset=&#8221;default&#8221; global_colors_info=&#8221;{}&#8221;]<\/p>\n<div class=\"advantages valoracions\"><!-- [et_pb_line_break_holder] --><img decoding=\"async\" src=\"https:\/\/clouding360.com\/wp-content\/uploads\/2021\/03\/5-stars-png-2.png\"><!-- [et_pb_line_break_holder] --><!-- [et_pb_line_break_holder] --><pee><b>The adaptation to remote work was immediate<\/b>, with zero difficulty. The response to incidents is fast and effective &#8211; and this is necessary since the computer is a critical subject for our business.<!-- [et_pb_line_break_holder] --><\/pee><!-- [et_pb_line_break_holder] --><\/p>\n<h4>Eduardo Collado <\/h4>\n<p> <!-- [et_pb_line_break_holder] --><\/p>\n<h5><!-- [et_pb_line_break_holder] -->  DirectSalud<!-- [et_pb_line_break_holder] -->  <\/h5>\n<\/div>\n<p>[\/et_pb_code][\/et_pb_column][et_pb_column type=&#8221;1_3&#8243; _builder_version=&#8221;4.8.2&#8243; _module_preset=&#8221;default&#8221; global_colors_info=&#8221;{}&#8221;][et_pb_code _builder_version=&#8221;4.9.4&#8243; _module_preset=&#8221;default&#8221; global_colors_info=&#8221;{}&#8221;]<\/p>\n<div class=\"advantages valoracions\"><!-- [et_pb_line_break_holder] --><img decoding=\"async\" src=\"https:\/\/clouding360.com\/wp-content\/uploads\/2021\/03\/5-stars-png-2.png\"><!-- [et_pb_line_break_holder] --><!-- [et_pb_line_break_holder] --><pee><b>Clouding helps us to have the peace of mind<\/b> of being able to operate our business from anywhere, with the same speed and security.<!-- [et_pb_line_break_holder] --><!\u2013- [et_pb_br_holder] -\u2013><!-- [et_pb_line_break_holder] --><!-- [et_pb_line_break_holder] -->La comunicaci\u00f3n y atenci\u00f3n siempre ha sido R\u00e1pida y eficiente, el personal siempre muestra una actitud cordial y resolutiva.<\/pee><!-- [et_pb_line_break_holder] --><\/p>\n<h4>Alejandra Flores <\/h4>\n<p><!-- [et_pb_line_break_holder] --><\/p>\n<h5><!-- [et_pb_line_break_holder] -->  Molpack<!-- [et_pb_line_break_holder] -->  <\/h5>\n<\/div>\n<p>[\/et_pb_code][\/et_pb_column][\/et_pb_row][\/et_pb_section][et_pb_section fb_built=&#8221;1&#8243; fullwidth=&#8221;on&#8221; _builder_version=&#8221;4.8.2&#8243; _module_preset=&#8221;default&#8221; background_color=&#8221;#00AB55&#8243; global_colors_info=&#8221;{}&#8221;][et_pb_fullwidth_code _builder_version=&#8221;4.8.2&#8243; _module_preset=&#8221;default&#8221; max_width=&#8221;1570px&#8221; module_alignment=&#8221;center&#8221; global_colors_info=&#8221;{}&#8221;]<\/p>\n<div class=\"darelpaso\"><!-- [et_pb_line_break_holder] --><\/p>\n<div class=\"todo-pasos\"><!-- [et_pb_line_break_holder] -->  <!-- [et_pb_line_break_holder] --><\/p>\n<div class=\"pasate\"><!-- [et_pb_line_break_holder] -->  \t<\/p>\n<h3><!-- [et_pb_line_break_holder] -->Start right now using <!-- [et_pb_line_break_holder] --><!-- [et_pb_line_break_holder] -->\t\t\t\t\t\t<span>Clouding360!<\/span>!<\/h3>\n<p><!-- [et_pb_line_break_holder] -->\t\t\t<\/div>\n<p><!-- [et_pb_line_break_holder] --><\/p>\n<div class=\"beneficio2\"><!-- [et_pb_line_break_holder] --><img decoding=\"async\" src=\"https:\/\/clouding360.com\/wp-content\/uploads\/2021\/03\/Cloud2-06-1.png\"><!-- [et_pb_line_break_holder] -->  <pee>Migration so easy that<!\u2013- [et_pb_br_holder] -\u2013><!-- [et_pb_line_break_holder] -->you won&#8217;t even notice.<!-- [et_pb_line_break_holder] -->  <\/pee><!-- [et_pb_line_break_holder] --><\/div>\n<p><!-- [et_pb_line_break_holder] --><\/p>\n<div class=\"beneficio2\"><!-- [et_pb_line_break_holder] --><img decoding=\"async\" src=\"https:\/\/clouding360.com\/wp-content\/uploads\/2021\/03\/Cloud2-07-1.png\"><!-- [et_pb_line_break_holder] -->  <pee>No initial<!\u2013- [et_pb_br_holder] -\u2013> cost<!-- [et_pb_line_break_holder] -->inicial<!-- [et_pb_line_break_holder] -->  <\/pee><!-- [et_pb_line_break_holder] --><\/div>\n<p><!-- [et_pb_line_break_holder] --><\/p>\n<div class=\"beneficio2 ultim\"><!-- [et_pb_line_break_holder] --><img decoding=\"async\" src=\"https:\/\/clouding360.com\/wp-content\/uploads\/2021\/03\/Cloud2-08-1.png\"><!-- [et_pb_line_break_holder] -->  <pee>  Test during<!\u2013- [et_pb_br_holder] -\u2013><!-- [et_pb_line_break_holder] -->15 days with no strings attached.<!-- [et_pb_line_break_holder] -->  <\/pee><!-- [et_pb_line_break_holder] --> <\/div>\n<p><!-- [et_pb_line_break_holder] -->   <a  href=\"https:\/\/clouding360.com\/en\/start-now\/\" class=\"contratar pasar\" style=\"margin-top: 40px;\">Get it right now!<i class=\"fas fa-arrow-right\" style=\"margin-left:10px\"><\/i><\/a><!-- [et_pb_line_break_holder] -->    <\/div>\n<p>  <!-- [et_pb_line_break_holder] -->  <img decoding=\"async\" src=\"https:\/\/clouding360.com\/wp-content\/uploads\/2021\/03\/Cloud2-04-1.png\"><!-- [et_pb_line_break_holder] --><\/div>\n<p>[\/et_pb_fullwidth_code][\/et_pb_section][et_pb_section fb_built=&#8221;1&#8243; next_background_color=&#8221;#ffffff&#8221; module_class=&#8221;ventajas-6&#8243; _builder_version=&#8221;4.8.2&#8243; _module_preset=&#8221;default&#8221; background_color=&#8221;#edfafa&#8221; custom_padding=&#8221;41px||0px|||&#8221; bottom_divider_style=&#8221;wave&#8221; bottom_divider_height=&#8221;159px&#8221; bottom_divider_repeat=&#8221;0x&#8221; bottom_divider_flip=&#8221;horizontal&#8221; global_colors_info=&#8221;{}&#8221;][et_pb_row _builder_version=&#8221;4.8.2&#8243; _module_preset=&#8221;default&#8221; max_width=&#8221;907px&#8221; global_colors_info=&#8221;{}&#8221;][et_pb_column type=&#8221;4_4&#8243; _builder_version=&#8221;4.8.2&#8243; _module_preset=&#8221;default&#8221; global_colors_info=&#8221;{}&#8221;][et_pb_code _builder_version=&#8221;4.8.2&#8243; _module_preset=&#8221;default&#8221; global_colors_info=&#8221;{}&#8221;]<\/p>\n<div  class=\"contact-data\"><!-- [et_pb_line_break_holder] -->  <!-- [et_pb_line_break_holder] --><\/p>\n<div class=\"beneficio contacto\"><img decoding=\"async\" src=\"https:\/\/clouding360.com\/wp-content\/uploads\/2021\/02\/sobre-1.png\"><a href=\"mailto:hola@clouding360.com\">hola@clouding360.com<\/a><\/div>\n<p><!-- [et_pb_line_break_holder] --><!-- [et_pb_line_break_holder] --><\/p>\n<div class=\"beneficio contacto\"><img decoding=\"async\" src=\"https:\/\/clouding360.com\/wp-content\/uploads\/2021\/02\/llamar.png\"><a href=\"tel:+34937378714\">937 37 87 14<\/a><\/div>\n<p><!-- [et_pb_line_break_holder] -->  <!-- [et_pb_line_break_holder] -->  <\/div>\n<p><!-- [et_pb_line_break_holder] --><!-- [et_pb_line_break_holder] --><!-- [et_pb_line_break_holder] -->[\/et_pb_code][et_pb_code _builder_version=&#8221;4.8.2&#8243; _module_preset=&#8221;default&#8221; global_colors_info=&#8221;{}&#8221;]\n<div class=\"wpcf7 no-js\" id=\"wpcf7-f3111-o1\" lang=\"en-US\" dir=\"ltr\" data-wpcf7-id=\"3111\">\n<div class=\"screen-reader-response\"><p role=\"status\" aria-live=\"polite\" aria-atomic=\"true\"><\/p> <ul><\/ul><\/div>\n<form action=\"\/en\/wp-json\/wp\/v2\/pages\/3050#wpcf7-f3111-o1\" method=\"post\" class=\"wpcf7-form init\" aria-label=\"Contact form\" novalidate=\"novalidate\" data-status=\"init\">\n<fieldset class=\"hidden-fields-container\"><input type=\"hidden\" name=\"_wpcf7\" value=\"3111\" \/><input type=\"hidden\" name=\"_wpcf7_version\" value=\"6.1.5\" \/><input type=\"hidden\" name=\"_wpcf7_locale\" value=\"en_US\" \/><input type=\"hidden\" name=\"_wpcf7_unit_tag\" value=\"wpcf7-f3111-o1\" \/><input type=\"hidden\" name=\"_wpcf7_container_post\" value=\"0\" \/><input type=\"hidden\" name=\"_wpcf7_posted_data_hash\" value=\"\" \/><input type=\"hidden\" name=\"_wpcf7_recaptcha_response\" value=\"\" \/>\n<\/fieldset>\n<p><span class=\"wpcf7-form-control-wrap\" data-name=\"your-name\"><input size=\"40\" maxlength=\"400\" class=\"wpcf7-form-control wpcf7-text wpcf7-validates-as-required\" aria-required=\"true\" aria-invalid=\"false\" placeholder=\"Your name\" value=\"\" type=\"text\" name=\"your-name\" \/><\/span>\n<\/p>\n<p><span class=\"wpcf7-form-control-wrap\" data-name=\"your-email\"><input size=\"40\" maxlength=\"400\" class=\"wpcf7-form-control wpcf7-email wpcf7-validates-as-required wpcf7-text wpcf7-validates-as-email\" aria-required=\"true\" aria-invalid=\"false\" placeholder=\"Email\" value=\"\" type=\"email\" name=\"your-email\" \/><\/span>\n<\/p>\n<p><span class=\"wpcf7-form-control-wrap\" data-name=\"tel-673\"><input size=\"40\" maxlength=\"400\" class=\"wpcf7-form-control wpcf7-tel wpcf7-text wpcf7-validates-as-tel\" aria-invalid=\"false\" placeholder=\"Phone\" value=\"\" type=\"tel\" name=\"tel-673\" \/><\/span>\n<\/p>\n<p class=\"no-enviar\">*We won't send any ads!\n<\/p>\n<p><span class=\"wpcf7-form-control-wrap\" data-name=\"your-message\"><textarea cols=\"40\" rows=\"10\" maxlength=\"2000\" class=\"wpcf7-form-control wpcf7-textarea\" aria-invalid=\"false\" placeholder=\"Your message\" name=\"your-message\"><\/textarea><\/span>\n<\/p>\n<div class=\"acceptacion\">\n\t<p><span class=\"wpcf7-form-control-wrap\" data-name=\"acceptance-512\"><span class=\"wpcf7-form-control wpcf7-acceptance\"><span class=\"wpcf7-list-item\"><input type=\"checkbox\" name=\"acceptance-512\" value=\"1\" aria-invalid=\"false\" \/><\/span><\/span><\/span>\n\t<\/p>\n\t<p style=\"display: flex; flex-direction: row; justify-content: space-between; align-items: center; align-content: center;\">\n\t<\/p>\n\t<p>I have read and accept the <a title=\"Pol\u00edtica de Privacidad\"\" href=\"https:\/\/clouding360.com\/politica-privacidad\/\" target=\"_blank\">privacy policy<\/a>\n\t<\/p>\n<\/div>\n<p><input class=\"wpcf7-form-control wpcf7-submit has-spinner\" type=\"submit\" value=\"Send\" \/>\n<\/p><div class=\"wpcf7-response-output\" aria-hidden=\"true\"><\/div>\n<\/form>\n<\/div>\n[\/et_pb_code][\/et_pb_column][\/et_pb_row][\/et_pb_section]<\/p>\n","protected":false},"excerpt":{"rendered":"<p>His company,wherever he wants, with just one click Clouding360 allows him to have access to all his data from anywhere and through any device.<\/p>\n","protected":false},"author":10,"featured_media":0,"parent":0,"menu_order":0,"comment_status":"closed","ping_status":"closed","template":"","meta":{"_et_pb_use_builder":"on","_et_pb_old_content":"","_et_gb_content_width":"","footnotes":""},"class_list":["post-3050","page","type-page","status-publish","hentry"],"_links":{"self":[{"href":"https:\/\/clouding360.com\/en\/wp-json\/wp\/v2\/pages\/3050","targetHints":{"allow":["GET"]}}],"collection":[{"href":"https:\/\/clouding360.com\/en\/wp-json\/wp\/v2\/pages"}],"about":[{"href":"https:\/\/clouding360.com\/en\/wp-json\/wp\/v2\/types\/page"}],"author":[{"embeddable":true,"href":"https:\/\/clouding360.com\/en\/wp-json\/wp\/v2\/users\/10"}],"replies":[{"embeddable":true,"href":"https:\/\/clouding360.com\/en\/wp-json\/wp\/v2\/comments?post=3050"}],"version-history":[{"count":1,"href":"https:\/\/clouding360.com\/en\/wp-json\/wp\/v2\/pages\/3050\/revisions"}],"predecessor-version":[{"id":3215,"href":"https:\/\/clouding360.com\/en\/wp-json\/wp\/v2\/pages\/3050\/revisions\/3215"}],"wp:attachment":[{"href":"https:\/\/clouding360.com\/en\/wp-json\/wp\/v2\/media?parent=3050"}],"curies":[{"name":"wp","href":"https:\/\/api.w.org\/{rel}","templated":true}]}}